{"id":459,"date":"2025-09-06T15:44:42","date_gmt":"2025-09-06T13:44:42","guid":{"rendered":"https:\/\/luginbuehls.com\/lieux\/"},"modified":"2025-09-08T19:36:10","modified_gmt":"2025-09-08T17:36:10","slug":"lieux","status":"publish","type":"page","link":"https:\/\/luginbuehls.com\/fr\/lieux\/","title":{"rendered":"Lieux"},"content":{"rendered":"<p>[et_pb_section fb_built=\u00a0\u00bb1&Prime; admin_label=\u00a0\u00bbHeader\u00a0\u00bb _builder_version=\u00a0\u00bb4.27.4&Prime; _module_preset=\u00a0\u00bbdefault\u00a0\u00bb custom_padding=\u00a0\u00bb0px||0px||true|false\u00a0\u00bb locked=\u00a0\u00bboff\u00a0\u00bb collapsed=\u00a0\u00bbon\u00a0\u00bb global_colors_info=\u00a0\u00bb{}\u00a0\u00bb][et_pb_row column_structure=\u00a0\u00bb1_2,1_2&Prime; use_custom_gutter=\u00a0\u00bbon\u00a0\u00bb gutter_width=\u00a0\u00bb1&Prime; _builder_version=\u00a0\u00bb4.27.4&Prime; _module_preset=\u00a0\u00bbdefault\u00a0\u00bb width=\u00a0\u00bb100%\u00a0\u00bb max_width=\u00a0\u00bbnone\u00a0\u00bb custom_padding=\u00a0\u00bb0px||0px||true|false\u00a0\u00bb hover_enabled=\u00a0\u00bb0&Prime; global_colors_info=\u00a0\u00bb{}\u00a0\u00bb custom_css_main_element_last_edited=\u00a0\u00bbon|phone\u00a0\u00bb locked=\u00a0\u00bboff\u00a0\u00bb sticky_enabled=\u00a0\u00bb0&Prime; custom_css_main_element=\u00a0\u00bbalign-items: inherit;\u00a0\u00bb custom_css_main_element_tablet=\u00a0\u00bbalign-items: inherit;\u00a0\u00bb custom_css_main_element_phone=\u00a0\u00bbalign-items: inherit;\u00a0\u00bb][et_pb_column type=\u00a0\u00bb1_2&Prime; _builder_version=\u00a0\u00bb4.27.4&Prime; _module_preset=\u00a0\u00bbdefault\u00a0\u00bb background_image=\u00a0\u00bbhttps:\/\/luginbuehls.com\/wp-content\/uploads\/2025\/09\/pexels-thatguycraig000-2306281.jpg\u00a0\u00bb hover_enabled=\u00a0\u00bb0&Prime; custom_css_main_element=\u00a0\u00bbmin-height: 90vh;\u00a0\u00bb global_colors_info=\u00a0\u00bb{}\u00a0\u00bb custom_css_main_element_last_edited=\u00a0\u00bbon|desktop\u00a0\u00bb custom_css_main_element_tablet=\u00a0\u00bbheight: 0;\u00a0\u00bb custom_css_main_element_phone=\u00a0\u00bbheight: 0;\u00a0\u00bb title_text=\u00a0\u00bbpexels-thatguycraig000-2306281&Prime; sticky_enabled=\u00a0\u00bb0&Prime;][\/et_pb_column][et_pb_column type=\u00a0\u00bb1_2&Prime; _builder_version=\u00a0\u00bb4.27.4&Prime; _module_preset=\u00a0\u00bbdefault\u00a0\u00bb background_color=\u00a0\u00bbgcid-aad3bfa1-32d4-476f-9dbb-db2f2f1e9d97&Prime; background_image=\u00a0\u00bbhttps:\/\/luginbuehls.com\/wp-content\/uploads\/2025\/09\/fuchsia-napkin-2024-10-17-08-38-22-utc.webp\u00a0\u00bb background_blend=\u00a0\u00bbmultiply\u00a0\u00bb custom_padding=\u00a0\u00bb4%|5%|4%|5%|true|true\u00a0\u00bb hover_enabled=\u00a0\u00bb0&Prime; custom_css_main_element=\u00a0\u00bbmin-height: 90vh;||display: flex;||flex-direction: column;||align-items: center;||justify-content: center;\u00a0\u00bb global_colors_info=\u00a0\u00bb{%22gcid-aad3bfa1-32d4-476f-9dbb-db2f2f1e9d97%22:%91%22background_color%22%93}\u00a0\u00bb custom_css_main_element_last_edited=\u00a0\u00bbon|tablet\u00a0\u00bb custom_css_main_element_tablet=\u00a0\u00bbheight: auto;||display: flex;||flex-direction: column;||justify-content: center;||align-items: center:\u00a0\u00bb custom_css_main_element_phone=\u00a0\u00bbheight: auto;||display: flex;||flex-direction: column;||justify-content: center;||align-items: center:\u00a0\u00bb custom_padding_last_edited=\u00a0\u00bbon|phone\u00a0\u00bb custom_padding_tablet=\u00a0\u00bb8%|5%|8%|5%|true|true\u00a0\u00bb sticky_enabled=\u00a0\u00bb0&Prime; custom_padding_phone=\u00a0\u00bb10%||10%||true|true\u00a0\u00bb][et_pb_heading title=\u00a0\u00bbLieux\u00a0\u00bb _builder_version=\u00a0\u00bb4.27.4&Prime; _module_preset=\u00a0\u00bb_initial\u00a0\u00bb title_text_align=\u00a0\u00bbcenter\u00a0\u00bb global_colors_info=\u00a0\u00bb{}\u00a0\u00bb][\/et_pb_heading][et_pb_text _builder_version=\u00a0\u00bb4.27.4&Prime; _module_preset=\u00a0\u00bbdefault\u00a0\u00bb text_font=\u00a0\u00bb|600||on|||||\u00a0\u00bb text_text_color=\u00a0\u00bb#FFFFFF\u00a0\u00bb header_2_text_color=\u00a0\u00bb#FFFFFF\u00a0\u00bb header_2_font_size=\u00a0\u00bb20px\u00a0\u00bb text_orientation=\u00a0\u00bbcenter\u00a0\u00bb max_width=\u00a0\u00bb550px\u00a0\u00bb module_alignment=\u00a0\u00bbcenter\u00a0\u00bb custom_margin=\u00a0\u00bb||8px||false|false\u00a0\u00bb hover_enabled=\u00a0\u00bb0&Prime; global_colors_info=\u00a0\u00bb{}\u00a0\u00bb sticky_enabled=\u00a0\u00bb0&Prime;]<\/p>\n<h2>UN BON H\u00d4TE NE FAIT QUE DIRE QUAND ET O\u00d9 LA F\u00caTE DOIT COMMENCER&#8230;<\/h2>\n<p>[\/et_pb_text][et_pb_text _builder_version=\u00a0\u00bb4.27.4&Prime; _module_preset=\u00a0\u00bbdefault\u00a0\u00bb text_text_color=\u00a0\u00bb#FFFFFF\u00a0\u00bb custom_margin=\u00a0\u00bb||24px||false|false\u00a0\u00bb hover_enabled=\u00a0\u00bb0&Prime; global_colors_info=\u00a0\u00bb{}\u00a0\u00bb sticky_enabled=\u00a0\u00bb0&Prime;]<\/p>\n<p style=\"text-align: center;\">En tant que partenaire de confiance, nous orchestrons votre \u00e9v\u00e9nement de mani\u00e8re \u00e0 ce que tout s&rsquo;encha\u00eene parfaitement. Des d\u00e9tails soign\u00e9s, une d\u00e9coration de bon go\u00fbt et des moments de surprise d\u00e9lib\u00e9r\u00e9s forment un ensemble coh\u00e9rent &#8211; vous pouvez profiter de la f\u00eate sans souci, tandis que vos invit\u00e9s sont enthousiastes. Avec les plus beaux lieux de Bienne et du Seeland, votre f\u00eate ne sera pas seulement racont\u00e9e, mais aussi magnifiquement immortalis\u00e9e.  <\/p>\n<p>[\/et_pb_text][et_pb_button button_url=\u00a0\u00bb#mealprep\u00a0\u00bb button_text=\u00a0\u00bbVers les lieux\u00a0\u00bb button_alignment=\u00a0\u00bbcenter\u00a0\u00bb _builder_version=\u00a0\u00bb4.27.4&Prime; _module_preset=\u00a0\u00bb8b1a3952-d499-46e0-abd2-b42451245cd7&Prime; global_module=\u00a0\u00bb70&Prime; saved_tabs=\u00a0\u00bball\u00a0\u00bb global_colors_info=\u00a0\u00bb{}\u00a0\u00bb][\/et_pb_button][\/et_pb_column][\/et_pb_row][\/et_pb_section][et_pb_section fb_built=\u00a0\u00bb1&Prime; _builder_version=\u00a0\u00bb4.27.4&Prime; _module_preset=\u00a0\u00bbdefault\u00a0\u00bb background_color=\u00a0\u00bbrgba(255,255,255,0.8)\u00a0\u00bb background_image=\u00a0\u00bbhttps:\/\/luginbuehls.com\/wp-content\/uploads\/2025\/09\/eatery-14.jpg\u00a0\u00bb background_blend=\u00a0\u00bboverlay\u00a0\u00bb custom_padding=\u00a0\u00bb5vw||5vw||true|false\u00a0\u00bb global_colors_info=\u00a0\u00bb{}\u00a0\u00bb][et_pb_row module_id=\u00a0\u00bbmealprep\u00a0\u00bb _builder_version=\u00a0\u00bb4.27.4&Prime; _module_preset=\u00a0\u00bbdefault\u00a0\u00bb global_colors_info=\u00a0\u00bb{}\u00a0\u00bb][et_pb_column type=\u00a0\u00bb4_4&Prime; _builder_version=\u00a0\u00bb4.27.4&Prime; _module_preset=\u00a0\u00bbdefault\u00a0\u00bb global_colors_info=\u00a0\u00bb{}\u00a0\u00bb background_enable_color=\u00a0\u00bboff\u00a0\u00bb border_color_all=\u00a0\u00bb#FFFFFF\u00a0\u00bb][et_pb_heading title=\u00a0\u00bbNos conseils personnels\u00a0\u00bb _builder_version=\u00a0\u00bb4.27.4&Prime; _module_preset=\u00a0\u00bbcc50d436-483e-47bc-86a9-95cd6ed25c5a\u00a0\u00bb custom_margin=\u00a0\u00bb||8px||false|false\u00a0\u00bb custom_margin_tablet=\u00a0\u00bb||0px||false|false\u00a0\u00bb custom_margin_phone=\u00a0\u00bb||0px||false|false\u00a0\u00bb custom_margin_last_edited=\u00a0\u00bbon|desktop\u00a0\u00bb hover_enabled=\u00a0\u00bb0&Prime; global_colors_info=\u00a0\u00bb{}\u00a0\u00bb locked=\u00a0\u00bboff\u00a0\u00bb title_text_align=\u00a0\u00bbcenter\u00a0\u00bb sticky_enabled=\u00a0\u00bb0&Prime;][\/et_pb_heading][\/et_pb_column][\/et_pb_row][et_pb_row column_structure=\u00a0\u00bb1_4,1_4,1_4,1_4&Prime; _builder_version=\u00a0\u00bb4.27.4&Prime; _module_preset=\u00a0\u00bbdefault\u00a0\u00bb hover_enabled=\u00a0\u00bb0&Prime; custom_css_main_element=\u00a0\u00bbalign-items: flex-start;\u00a0\u00bb global_colors_info=\u00a0\u00bb{}\u00a0\u00bb sticky_enabled=\u00a0\u00bb0&Prime; use_custom_gutter=\u00a0\u00bbon\u00a0\u00bb custom_padding=\u00a0\u00bb0px||||false|false\u00a0\u00bb][et_pb_column type=\u00a0\u00bb1_4&Prime; _builder_version=\u00a0\u00bb4.27.4&Prime; _module_preset=\u00a0\u00bbdefault\u00a0\u00bb background_color=\u00a0\u00bb#FFFFFF\u00a0\u00bb global_colors_info=\u00a0\u00bb{}\u00a0\u00bb sticky_enabled=\u00a0\u00bb0&Prime; border_color_all=\u00a0\u00bb#FFFFFF\u00a0\u00bb][et_pb_blurb title=\u00a0\u00bb  Von R\u00fctte Gut \u00e0 Sutz\u00a0\u00bb image=\u00a0\u00bbhttps:\/\/luginbuehls.com\/wp-content\/uploads\/2025\/09\/Von_Ruette_Gut_Sutz-Lattrigen_2cbbef46abd838ee6248758b785c802c.jpg\u00a0\u00bb module_class=\u00a0\u00bblocations\u00a0\u00bb _builder_version=\u00a0\u00bb4.27.4&Prime; _module_preset=\u00a0\u00bbdefault\u00a0\u00bb header_level=\u00a0\u00bbh3&Prime; header_text_align=\u00a0\u00bbleft\u00a0\u00bb link_option_url=\u00a0\u00bbhttp:\/\/www.vonruettegut.ch\/\u00a0\u00bb hover_enabled=\u00a0\u00bb0&Prime; global_colors_info=\u00a0\u00bb{}\u00a0\u00bb custom_padding=\u00a0\u00bb16px|16px|16px|16px|true|true\u00a0\u00bb background_color=\u00a0\u00bb#FFFFFF\u00a0\u00bb sticky_enabled=\u00a0\u00bb0&Prime; image_icon_width_last_edited=\u00a0\u00bboff|tablet\u00a0\u00bb]<\/p>\n<p>Le plus bel endroit du lac de Bienne pour votre \u00e9v\u00e9nement unique.<\/p>\n<p>De la place pour 100 personnes<\/p>\n<p>[\/et_pb_blurb][\/et_pb_column][et_pb_column type=\u00a0\u00bb1_4&Prime; _builder_version=\u00a0\u00bb4.27.4&Prime; _module_preset=\u00a0\u00bbdefault\u00a0\u00bb background_color=\u00a0\u00bb#FFFFFF\u00a0\u00bb border_color_all=\u00a0\u00bb#FFFFFF\u00a0\u00bb global_colors_info=\u00a0\u00bb{}\u00a0\u00bb][et_pb_blurb title=\u00a0\u00bbKulturhof Ch\u00e2teau de K\u00f6niz\u00a0\u00bb image=\u00a0\u00bbhttps:\/\/luginbuehls.com\/wp-content\/uploads\/2025\/09\/Kulturhof_Schloss_Koeniz_b97c0d70b3346b6326879c12828a7fbd.jpg\u00a0\u00bb module_class=\u00a0\u00bblocations\u00a0\u00bb _builder_version=\u00a0\u00bb4.27.4&Prime; _module_preset=\u00a0\u00bbdefault\u00a0\u00bb header_level=\u00a0\u00bbh3&Prime; header_text_align=\u00a0\u00bbleft\u00a0\u00bb link_option_url=\u00a0\u00bbhttp:\/\/raumvermietung.kulturhof.ch\/\u00a0\u00bb global_colors_info=\u00a0\u00bb{}\u00a0\u00bb custom_padding=\u00a0\u00bb16px|16px|16px|16px|true|true\u00a0\u00bb background_color=\u00a0\u00bb#FFFFFF\u00a0\u00bb]<\/p>\n<p>Une structure de base historique associ\u00e9e \u00e0 une architecture moderne.<\/p>\n<p>Espace pour 130 personnes<\/p>\n<p>[\/et_pb_blurb][\/et_pb_column][et_pb_column type=\u00a0\u00bb1_4&Prime; _builder_version=\u00a0\u00bb4.27.4&Prime; _module_preset=\u00a0\u00bbdefault\u00a0\u00bb background_color=\u00a0\u00bb#FFFFFF\u00a0\u00bb border_color_all=\u00a0\u00bb#FFFFFF\u00a0\u00bb global_colors_info=\u00a0\u00bb{}\u00a0\u00bb][et_pb_blurb title=\u00a0\u00bbAarbergerhus Ligerz\u00a0\u00bb image=\u00a0\u00bbhttps:\/\/luginbuehls.com\/wp-content\/uploads\/2025\/09\/Aarbergerhus_d5a1fad7046da10b106a848a1aefa7cc.jpg\u00a0\u00bb module_class=\u00a0\u00bblocations\u00a0\u00bb _builder_version=\u00a0\u00bb4.27.4&Prime; _module_preset=\u00a0\u00bbdefault\u00a0\u00bb header_level=\u00a0\u00bbh3&Prime; header_text_align=\u00a0\u00bbleft\u00a0\u00bb link_option_url=\u00a0\u00bbhttp:\/\/www.aarbergerhaus.ch\/\u00a0\u00bb global_colors_info=\u00a0\u00bb{}\u00a0\u00bb custom_padding=\u00a0\u00bb16px|16px|16px|16px|true|true\u00a0\u00bb background_color=\u00a0\u00bb#FFFFFF\u00a0\u00bb]<\/p>\n<p>Des salles centenaires offrent un cadre \u00e9vocateur pour votre f\u00eate.<\/p>\n<p>De la place pour 60 personnes<\/p>\n<p>[\/et_pb_blurb][\/et_pb_column][et_pb_column type=\u00a0\u00bb1_4&Prime; _builder_version=\u00a0\u00bb4.27.4&Prime; _module_preset=\u00a0\u00bbdefault\u00a0\u00bb background_color=\u00a0\u00bb#FFFFFF\u00a0\u00bb border_color_all=\u00a0\u00bb#FFFFFF\u00a0\u00bb global_colors_info=\u00a0\u00bb{}\u00a0\u00bb hover_enabled=\u00a0\u00bb0&Prime; sticky_enabled=\u00a0\u00bb0&Prime;][et_pb_blurb title=\u00a0\u00bb  Cabane de p\u00eacheur \u00e0 Sutz\u00a0\u00bb image=\u00a0\u00bbhttps:\/\/luginbuehls.com\/wp-content\/uploads\/2025\/09\/Fischerhuette_5a22f622b797fac1e6fa9c4b847dec6f.jpg\u00a0\u00bb module_class=\u00a0\u00bblocations\u00a0\u00bb _builder_version=\u00a0\u00bb4.27.4&Prime; _module_preset=\u00a0\u00bbdefault\u00a0\u00bb header_level=\u00a0\u00bbh3&Prime; header_text_align=\u00a0\u00bbleft\u00a0\u00bb link_option_url=\u00a0\u00bbhttp:\/\/sportfischerverein-sutz-lattrigen.ch\/fischerhuette1\/fischerhuette\u00a0\u00bb global_colors_info=\u00a0\u00bb{}\u00a0\u00bb custom_padding=\u00a0\u00bb16px|16px|16px|16px|true|true\u00a0\u00bb background_color=\u00a0\u00bb#FFFFFF\u00a0\u00bb]<\/p>\n<p>Un endroit idyllique au bord du lac de Bienne.<\/p>\n<p>Espace pour 40 &#8211; 50 personnes<\/p>\n<p>[\/et_pb_blurb][\/et_pb_column][\/et_pb_row][et_pb_row column_structure=\u00a0\u00bb1_4,1_4,1_4,1_4&Prime; _builder_version=\u00a0\u00bb4.27.4&Prime; _module_preset=\u00a0\u00bbdefault\u00a0\u00bb hover_enabled=\u00a0\u00bb0&Prime; custom_css_main_element=\u00a0\u00bbalign-items: stretch;\u00a0\u00bb global_colors_info=\u00a0\u00bb{}\u00a0\u00bb custom_padding=\u00a0\u00bb0px||||false|false\u00a0\u00bb sticky_enabled=\u00a0\u00bb0&Prime;][et_pb_column type=\u00a0\u00bb1_4&Prime; _builder_version=\u00a0\u00bb4.27.4&Prime; _module_preset=\u00a0\u00bbdefault\u00a0\u00bb background_color=\u00a0\u00bb#FFFFFF\u00a0\u00bb hover_enabled=\u00a0\u00bb0&Prime; border_color_all=\u00a0\u00bb#FFFFFF\u00a0\u00bb global_colors_info=\u00a0\u00bb{}\u00a0\u00bb sticky_enabled=\u00a0\u00bb0&Prime;][et_pb_blurb title=\u00a0\u00bbLe Pont-de-Thielle \u00e0 Gals\u00a0\u00bb image=\u00a0\u00bbhttps:\/\/luginbuehls.com\/wp-content\/uploads\/2025\/09\/Pont_de_thielle_eabad635261abdb473d2da32a0e4650b.jpg\u00a0\u00bb module_class=\u00a0\u00bblocations\u00a0\u00bb _builder_version=\u00a0\u00bb4.27.4&Prime; _module_preset=\u00a0\u00bbdefault\u00a0\u00bb header_level=\u00a0\u00bbh3&Prime; header_text_align=\u00a0\u00bbleft\u00a0\u00bb link_option_url=\u00a0\u00bbhttp:\/\/www.pont-de-thielle.ch\/\u00a0\u00bb global_colors_info=\u00a0\u00bb{}\u00a0\u00bb custom_padding=\u00a0\u00bb16px|16px|16px|16px|true|true\u00a0\u00bb background_color=\u00a0\u00bb#FFFFFF\u00a0\u00bb]<\/p>\n<p>Lieu de mariage romantique au bord du Zihlkanal.<\/p>\n<p>Espace pour 110 personnes<\/p>\n<p>[\/et_pb_blurb][\/et_pb_column][et_pb_column type=\u00a0\u00bb1_4&Prime; _builder_version=\u00a0\u00bb4.27.4&Prime; _module_preset=\u00a0\u00bbdefault\u00a0\u00bb background_color=\u00a0\u00bb#FFFFFF\u00a0\u00bb border_color_all=\u00a0\u00bb#FFFFFF\u00a0\u00bb global_colors_info=\u00a0\u00bb{}\u00a0\u00bb][et_pb_blurb title=\u00a0\u00bbMus\u00e9e des machines M\u00fcller \u00e0 Bienne\u00a0\u00bb image=\u00a0\u00bbhttps:\/\/luginbuehls.com\/wp-content\/uploads\/2025\/09\/Mueller_Maschinen_Museum_847cda3f840f68407b7f02ee943623ed.jpg\u00a0\u00bb module_class=\u00a0\u00bblocations\u00a0\u00bb _builder_version=\u00a0\u00bb4.27.4&Prime; _module_preset=\u00a0\u00bbdefault\u00a0\u00bb header_level=\u00a0\u00bbh3&Prime; header_text_align=\u00a0\u00bbleft\u00a0\u00bb link_option_url=\u00a0\u00bbhttp:\/\/www.centremuller.ch\/\u00a0\u00bb global_colors_info=\u00a0\u00bb{}\u00a0\u00bb custom_padding=\u00a0\u00bb16px|16px|16px|16px|true|true\u00a0\u00bb background_color=\u00a0\u00bb#FFFFFF\u00a0\u00bb]<\/p>\n<p>Ambiance historique et moderne avec des poutres apparentes originales datant de l&rsquo;\u00e9poque de la construction.<\/p>\n<p>De la place pour 100 personnes<\/p>\n<p>[\/et_pb_blurb][\/et_pb_column][et_pb_column type=\u00a0\u00bb1_4&Prime; _builder_version=\u00a0\u00bb4.27.4&Prime; _module_preset=\u00a0\u00bbdefault\u00a0\u00bb background_color=\u00a0\u00bb#FFFFFF\u00a0\u00bb border_color_all=\u00a0\u00bb#FFFFFF\u00a0\u00bb global_colors_info=\u00a0\u00bb{}\u00a0\u00bb][et_pb_blurb title=\u00a0\u00bbMaison foresti\u00e8re \u00e0 Worben\u00a0\u00bb image=\u00a0\u00bbhttps:\/\/luginbuehls.com\/wp-content\/uploads\/2025\/09\/Waldhaus_Worben_2956fdbcc6bb5d15a31f8444fd895677.jpg\u00a0\u00bb module_class=\u00a0\u00bblocations\u00a0\u00bb _builder_version=\u00a0\u00bb4.27.4&Prime; _module_preset=\u00a0\u00bbdefault\u00a0\u00bb header_level=\u00a0\u00bbh3&Prime; header_text_align=\u00a0\u00bbleft\u00a0\u00bb link_option_url=\u00a0\u00bbhttp:\/\/www.burgergemeindeworben.ch\/das-waldhaus\u00a0\u00bb global_colors_info=\u00a0\u00bb{}\u00a0\u00bb custom_padding=\u00a0\u00bb16px|16px|16px|16px|true|true\u00a0\u00bb background_color=\u00a0\u00bb#FFFFFF\u00a0\u00bb]<\/p>\n<p>Situ\u00e9e dans la r\u00e9gion idyllique de l&rsquo;Aaregrien, cette maison foresti\u00e8re dispose d&rsquo;un grand abri.<\/p>\n<p>De la place pour 60 personnes<\/p>\n<p>[\/et_pb_blurb][\/et_pb_column][et_pb_column type=\u00a0\u00bb1_4&Prime; _builder_version=\u00a0\u00bb4.27.4&Prime; _module_preset=\u00a0\u00bbdefault\u00a0\u00bb background_color=\u00a0\u00bb#FFFFFF\u00a0\u00bb border_color_all=\u00a0\u00bb#FFFFFF\u00a0\u00bb global_colors_info=\u00a0\u00bb{}\u00a0\u00bb][et_pb_blurb title=\u00a0\u00bbClub du lac \u00e0 Bienne\u00a0\u00bb image=\u00a0\u00bbhttps:\/\/luginbuehls.com\/wp-content\/uploads\/2025\/09\/Seeclub_Biel_ca237a8468cfb2c542c03ed6f96cc334.jpg\u00a0\u00bb module_class=\u00a0\u00bblocations\u00a0\u00bb _builder_version=\u00a0\u00bb4.27.4&Prime; _module_preset=\u00a0\u00bbdefault\u00a0\u00bb header_level=\u00a0\u00bbh3&Prime; header_text_align=\u00a0\u00bbleft\u00a0\u00bb link_option_url=\u00a0\u00bbhttp:\/\/www.seeclub-biel.ch\/de\/seeclub-biel.14\/clubraum-mieten.41\/clubraum-mieten.121.html\u00a0\u00bb global_colors_info=\u00a0\u00bb{}\u00a0\u00bb custom_padding=\u00a0\u00bb16px|16px|16px|16px|true|true\u00a0\u00bb background_color=\u00a0\u00bb#FFFFFF\u00a0\u00bb]<\/p>\n<p>Le local du club avec une vue \u00e0 couper le souffle.<\/p>\n<p>De la place pour 40 personnes<\/p>\n<p>[\/et_pb_blurb][\/et_pb_column][\/et_pb_row][et_pb_row custom_padding_last_edited=\u00a0\u00bbon|tablet\u00a0\u00bb _builder_version=\u00a0\u00bb4.27.4&Prime; _module_preset=\u00a0\u00bbdefault\u00a0\u00bb custom_padding=\u00a0\u00bb0px||||false|false\u00a0\u00bb custom_padding_tablet=\u00a0\u00bb0px||||false|false\u00a0\u00bb custom_padding_phone=\u00a0\u00bb0px||||false|false\u00a0\u00bb global_colors_info=\u00a0\u00bb{}\u00a0\u00bb][et_pb_column type=\u00a0\u00bb4_4&Prime; _builder_version=\u00a0\u00bb4.27.4&Prime; _module_preset=\u00a0\u00bbdefault\u00a0\u00bb global_colors_info=\u00a0\u00bb{}\u00a0\u00bb background_enable_color=\u00a0\u00bboff\u00a0\u00bb border_color_all=\u00a0\u00bb#FFFFFF\u00a0\u00bb][et_pb_button button_url=\u00a0\u00bbhttps:\/\/luginbuehls.com\/fr\/contact\/\u00a0\u00bb button_text=\u00a0\u00bbPrendre contact\u00a0\u00bb button_alignment=\u00a0\u00bbcenter\u00a0\u00bb _builder_version=\u00a0\u00bb4.27.4&Prime; _module_preset=\u00a0\u00bb5919bc3f-4cfd-445a-8eaf-df25c5f3e2e0&Prime; custom_margin=\u00a0\u00bb30px||||false|false\u00a0\u00bb global_module=\u00a0\u00bb75&Prime; saved_tabs=\u00a0\u00bball\u00a0\u00bb global_colors_info=\u00a0\u00bb{}\u00a0\u00bb][\/et_pb_button][\/et_pb_column][\/et_pb_row][\/et_pb_section]<\/p>\n","protected":false},"excerpt":{"rendered":"<p>UN BON H\u00d4TE NE FAIT QUE DIRE QUAND ET O\u00d9 LA F\u00caTE DOIT COMMENCER&#8230;En tant que partenaire de confiance, nous orchestrons votre \u00e9v\u00e9nement de mani\u00e8re \u00e0 ce que tout s&rsquo;encha\u00eene parfaitement. Des d\u00e9tails soign\u00e9s, une d\u00e9coration de bon go\u00fbt et des moments de surprise d\u00e9lib\u00e9r\u00e9s forment un ensemble coh\u00e9rent &#8211; vous pouvez profiter de la [&hellip;]<\/p>\n","protected":false},"author":1,"featured_media":0,"parent":0,"menu_order":0,"comment_status":"closed","ping_status":"closed","template":"","meta":{"_et_pb_use_builder":"on","_et_pb_old_content":"","_et_gb_content_width":"","footnotes":""},"class_list":["post-459","page","type-page","status-publish","hentry"],"_links":{"self":[{"href":"https:\/\/luginbuehls.com\/fr\/wp-json\/wp\/v2\/pages\/459","targetHints":{"allow":["GET"]}}],"collection":[{"href":"https:\/\/luginbuehls.com\/fr\/wp-json\/wp\/v2\/pages"}],"about":[{"href":"https:\/\/luginbuehls.com\/fr\/wp-json\/wp\/v2\/types\/page"}],"author":[{"embeddable":true,"href":"https:\/\/luginbuehls.com\/fr\/wp-json\/wp\/v2\/users\/1"}],"replies":[{"embeddable":true,"href":"https:\/\/luginbuehls.com\/fr\/wp-json\/wp\/v2\/comments?post=459"}],"version-history":[{"count":2,"href":"https:\/\/luginbuehls.com\/fr\/wp-json\/wp\/v2\/pages\/459\/revisions"}],"predecessor-version":[{"id":461,"href":"https:\/\/luginbuehls.com\/fr\/wp-json\/wp\/v2\/pages\/459\/revisions\/461"}],"wp:attachment":[{"href":"https:\/\/luginbuehls.com\/fr\/wp-json\/wp\/v2\/media?parent=459"}],"curies":[{"name":"wp","href":"https:\/\/api.w.org\/{rel}","templated":true}]}}