{"id":444,"date":"2025-09-04T14:18:25","date_gmt":"2025-09-04T12:18:25","guid":{"rendered":"https:\/\/luginbuehls.com\/mentions-legales\/"},"modified":"2025-09-08T19:35:31","modified_gmt":"2025-09-08T17:35:31","slug":"mentions-legales","status":"publish","type":"page","link":"https:\/\/luginbuehls.com\/fr\/mentions-legales\/","title":{"rendered":"Mentions l\u00e9gales"},"content":{"rendered":"<p>[et_pb_section fb_built=\u00a0\u00bb1&Prime; admin_label=\u00a0\u00bbsection\u00a0\u00bb _builder_version=\u00a0\u00bb4.27.4&Prime; hover_enabled=\u00a0\u00bb0&Prime; global_colors_info=\u00a0\u00bb{}\u00a0\u00bb background_color=\u00a0\u00bb#F3F3F3&Prime; sticky_enabled=\u00a0\u00bb0&Prime; custom_padding_last_edited=\u00a0\u00bbon|phone\u00a0\u00bb custom_padding_phone=\u00a0\u00bb16px||16px||true|false\u00a0\u00bb locked=\u00a0\u00bboff\u00a0\u00bb][et_pb_row admin_label=\u00a0\u00bbrow\u00a0\u00bb _builder_version=\u00a0\u00bb4.16&Prime; background_size=\u00a0\u00bbinitial\u00a0\u00bb background_position=\u00a0\u00bbtop_left\u00a0\u00bb background_repeat=\u00a0\u00bbrepeat\u00a0\u00bb global_colors_info=\u00a0\u00bb{}\u00a0\u00bb][et_pb_column type=\u00a0\u00bb4_4&Prime; _builder_version=\u00a0\u00bb4.16&Prime; custom_padding=\u00a0\u00bb|||\u00a0\u00bb global_colors_info=\u00a0\u00bb{}\u00a0\u00bb custom_padding__hover=\u00a0\u00bb|||\u00a0\u00bb][et_pb_text admin_label=\u00a0\u00bbText\u00a0\u00bb _builder_version=\u00a0\u00bb4.27.4&Prime; background_size=\u00a0\u00bbinitial\u00a0\u00bb background_position=\u00a0\u00bbtop_left\u00a0\u00bb background_repeat=\u00a0\u00bbrepeat\u00a0\u00bb hover_enabled=\u00a0\u00bb0&Prime; global_colors_info=\u00a0\u00bb{}\u00a0\u00bb sticky_enabled=\u00a0\u00bb0&Prime; header_2_line_height=\u00a0\u00bb1.5em\u00a0\u00bb header_line_height=\u00a0\u00bb1.5em\u00a0\u00bb]<\/p>\n<h1>Mentions l\u00e9gales<\/h1>\n<p>Le responsable du traitement des donn\u00e9es sur ce site web et l&rsquo;interlocuteur pour les questions de protection des donn\u00e9es est :<\/p>\n<p><strong>Luginb\u00fchl&rsquo;s Event &amp; Catering GmbH<\/strong><br \/>\nSchwadernaustrasse 65<br \/>\n2558 Aegerten<br \/>\nSuisse<\/p>\n<p>Courrier \u00e9lectronique : <a href=\"mailto:welcome@luginbuehls.com\">welcome@luginbuehls.com<\/a><\/p>\n<p><strong>Personnes habilit\u00e9es \u00e0 repr\u00e9senter l&rsquo;entreprise :<\/strong><br \/>\nReto Luginb\u00fchl<\/p>\n<p>UID <strong>:<\/strong> CHE-114.992.898[\/et_pb_text][\/et_pb_column][\/et_pb_row][\/et_pb_section]<\/p>\n","protected":false},"excerpt":{"rendered":"<p>Mentions l\u00e9gales Le responsable du traitement des donn\u00e9es sur ce site web et l&rsquo;interlocuteur pour les questions de protection des donn\u00e9es est : Luginb\u00fchl&rsquo;s Event &amp; Catering GmbH Schwadernaustrasse 65 2558 Aegerten Suisse Courrier \u00e9lectronique : welcome@luginbuehls.com Personnes habilit\u00e9es \u00e0 repr\u00e9senter l&rsquo;entreprise : Reto Luginb\u00fchl UID : CHE-114.992.898<\/p>\n","protected":false},"author":1,"featured_media":0,"parent":0,"menu_order":0,"comment_status":"closed","ping_status":"closed","template":"","meta":{"_et_pb_use_builder":"on","_et_pb_old_content":"","_et_gb_content_width":"","footnotes":""},"class_list":["post-444","page","type-page","status-publish","hentry"],"_links":{"self":[{"href":"https:\/\/luginbuehls.com\/fr\/wp-json\/wp\/v2\/pages\/444","targetHints":{"allow":["GET"]}}],"collection":[{"href":"https:\/\/luginbuehls.com\/fr\/wp-json\/wp\/v2\/pages"}],"about":[{"href":"https:\/\/luginbuehls.com\/fr\/wp-json\/wp\/v2\/types\/page"}],"author":[{"embeddable":true,"href":"https:\/\/luginbuehls.com\/fr\/wp-json\/wp\/v2\/users\/1"}],"replies":[{"embeddable":true,"href":"https:\/\/luginbuehls.com\/fr\/wp-json\/wp\/v2\/comments?post=444"}],"version-history":[{"count":2,"href":"https:\/\/luginbuehls.com\/fr\/wp-json\/wp\/v2\/pages\/444\/revisions"}],"predecessor-version":[{"id":446,"href":"https:\/\/luginbuehls.com\/fr\/wp-json\/wp\/v2\/pages\/444\/revisions\/446"}],"wp:attachment":[{"href":"https:\/\/luginbuehls.com\/fr\/wp-json\/wp\/v2\/media?parent=444"}],"curies":[{"name":"wp","href":"https:\/\/api.w.org\/{rel}","templated":true}]}}