{"id":441,"date":"2025-09-05T18:54:33","date_gmt":"2025-09-05T16:54:33","guid":{"rendered":"https:\/\/luginbuehls.com\/fetes-dentreprise\/"},"modified":"2025-09-08T19:47:37","modified_gmt":"2025-09-08T17:47:37","slug":"fetes-dentreprise","status":"publish","type":"page","link":"https:\/\/luginbuehls.com\/fr\/fetes-dentreprise\/","title":{"rendered":"F\u00eates d&rsquo;entreprise"},"content":{"rendered":"<p>[et_pb_section fb_built=\u00a0\u00bb1&Prime; admin_label=\u00a0\u00bbHeader\u00a0\u00bb _builder_version=\u00a0\u00bb4.27.4&Prime; _module_preset=\u00a0\u00bbdefault\u00a0\u00bb custom_padding=\u00a0\u00bb0px||0px||true|false\u00a0\u00bb collapsed=\u00a0\u00bbon\u00a0\u00bb global_colors_info=\u00a0\u00bb{}\u00a0\u00bb][et_pb_row column_structure=\u00a0\u00bb1_2,1_2&Prime; use_custom_gutter=\u00a0\u00bbon\u00a0\u00bb gutter_width=\u00a0\u00bb1&Prime; _builder_version=\u00a0\u00bb4.27.4&Prime; _module_preset=\u00a0\u00bbdefault\u00a0\u00bb width=\u00a0\u00bb100%\u00a0\u00bb max_width=\u00a0\u00bbnone\u00a0\u00bb custom_padding=\u00a0\u00bb0px||0px||true|false\u00a0\u00bb global_colors_info=\u00a0\u00bb{}\u00a0\u00bb custom_css_main_element=\u00a0\u00bbalign-items: inherit;\u00a0\u00bb hover_enabled=\u00a0\u00bb0&Prime; sticky_enabled=\u00a0\u00bb0&Prime;][et_pb_column type=\u00a0\u00bb1_2&Prime; _builder_version=\u00a0\u00bb4.27.4&Prime; _module_preset=\u00a0\u00bbdefault\u00a0\u00bb background_image=\u00a0\u00bbhttps:\/\/luginbuehls.com\/wp-content\/uploads\/2025\/09\/Firmenlogo.webp\u00a0\u00bb background_position=\u00a0\u00bbcenter_left\u00a0\u00bb hover_enabled=\u00a0\u00bb0&Prime; custom_css_main_element=\u00a0\u00bbmin-height: 90vh;\u00a0\u00bb global_colors_info=\u00a0\u00bb{}\u00a0\u00bb custom_css_main_element_last_edited=\u00a0\u00bbon|phone\u00a0\u00bb custom_css_main_element_tablet=\u00a0\u00bbheight: auto;\u00a0\u00bb sticky_enabled=\u00a0\u00bb0&Prime; title_text=\u00a0\u00bbFirmenlogo\u00a0\u00bb custom_css_main_element_phone=\u00a0\u00bbheight: auto;\u00a0\u00bb][et_pb_image src=\u00a0\u00bbhttps:\/\/luginbuehls.com\/wp-content\/uploads\/2025\/09\/Firmenlogo.webp\u00a0\u00bb _builder_version=\u00a0\u00bb4.27.4&Prime; _module_preset=\u00a0\u00bbdefault\u00a0\u00bb title_text=\u00a0\u00bbLogo de l&#039;entreprise\u00a0\u00bb disabled_on=\u00a0\u00bboff|off|on\u00a0\u00bb hover_enabled=\u00a0\u00bb0&Prime; sticky_enabled=\u00a0\u00bb0&Prime;][\/et_pb_image][\/et_pb_column][et_pb_column type=\u00a0\u00bb1_2&Prime; _builder_version=\u00a0\u00bb4.27.4&Prime; _module_preset=\u00a0\u00bbdefault\u00a0\u00bb background_color=\u00a0\u00bbrgba(255,255,255,0.8)\u00a0\u00bb background_image=\u00a0\u00bbhttps:\/\/luginbuehls.com\/wp-content\/uploads\/2025\/09\/eatery-14.jpg\u00a0\u00bb background_blend=\u00a0\u00bboverlay\u00a0\u00bb custom_padding=\u00a0\u00bb4%|5%|4%|5%|true|true\u00a0\u00bb custom_padding_tablet=\u00a0\u00bb8%|5%|8%|5%|true|true\u00a0\u00bb custom_padding_phone=\u00a0\u00bb10%|5%|10%|5%|true|true\u00a0\u00bb custom_padding_last_edited=\u00a0\u00bbon|phone\u00a0\u00bb hover_enabled=\u00a0\u00bb0&Prime; custom_css_main_element=\u00a0\u00bbmin-height: 90vh;||display: flex;||flex-direction: column;||justify-content: center;\u00a0\u00bb global_colors_info=\u00a0\u00bb{}\u00a0\u00bb custom_css_main_element_last_edited=\u00a0\u00bbon|tablet\u00a0\u00bb custom_css_main_element_tablet=\u00a0\u00bbheight: auto;\u00a0\u00bb custom_css_main_element_phone=\u00a0\u00bbheight: auto;\u00a0\u00bb sticky_enabled=\u00a0\u00bb0&Prime;][et_pb_text _builder_version=\u00a0\u00bb4.27.4&Prime; _module_preset=\u00a0\u00bbdefault\u00a0\u00bb header_font_size=\u00a0\u00bb80px\u00a0\u00bb hover_enabled=\u00a0\u00bb0&Prime; header_font_size_tablet=\u00a0\u00bb60px\u00a0\u00bb header_font_size_phone=\u00a0\u00bb40px\u00a0\u00bb header_font_size_last_edited=\u00a0\u00bbon|phone\u00a0\u00bb global_colors_info=\u00a0\u00bb{}\u00a0\u00bb sticky_enabled=\u00a0\u00bb0&Prime; locked=\u00a0\u00bboff\u00a0\u00bb]<\/p>\n<h1>F\u00eates d&rsquo;entreprise<\/h1>\n<p>[\/et_pb_text][et_pb_text _builder_version=\u00a0\u00bb4.27.4&Prime; _module_preset=\u00a0\u00bbdefault\u00a0\u00bb header_2_font=\u00a0\u00bb|||on|||||\u00a0\u00bb header_2_text_color=\u00a0\u00bbgcid-98622919-12d7-48fd-bcaf-ff1d6319e18c\u00a0\u00bb header_2_font_size=\u00a0\u00bb20px\u00a0\u00bb max_width=\u00a0\u00bb600px\u00a0\u00bb custom_margin=\u00a0\u00bb||8px||false|false\u00a0\u00bb global_colors_info=\u00a0\u00bb{%22gcid-98622919-12d7-48fd-bcaf-ff1d6319e18c%22:%91%22header_2_text_color%22,%22header_2_text_color%22%93}\u00a0\u00bb]<\/p>\n<h2>\u00c9v\u00e9nements professionnels &#8211; organis\u00e9s avec professionnalisme, ex\u00e9cut\u00e9s avec fiabilit\u00e9<\/h2>\n<p>[\/et_pb_text][et_pb_text _builder_version=\u00a0\u00bb4.27.4&Prime; _module_preset=\u00a0\u00bbdefault\u00a0\u00bb global_colors_info=\u00a0\u00bb{}\u00a0\u00bb]<\/p>\n<p>Qu&rsquo;il s&rsquo;agisse de l&rsquo;ouverture d&rsquo;une filiale &#8211; de la f\u00eate de votre personnel &#8211; de l&rsquo;\u00e9v\u00e9nement de No\u00ebl &#8211; d&rsquo;un jubil\u00e9 &#8211; d&rsquo;une promotion&#8230; nous sommes l\u00e0 pour vous et vos invit\u00e9s et organisons votre \u00e9v\u00e9nement sur mesure, selon vos souhaits. Notre comp\u00e9tence est convaincante, aussi bien avec des sp\u00e9cialit\u00e9s r\u00e9gionales que saisonni\u00e8res. Que ce soit pour vingt personnes ou pour mille. Les plats que nous cr\u00e9ons ont de multiples facettes et sont harmonieux.   <\/p>\n<p>La planification de l&rsquo;\u00e9quipe est parfaite. Et quel que soit le lieu o\u00f9 vous souhaitez b\u00e9n\u00e9ficier de nos services, Luginb\u00fchl&rsquo;s Event &amp; Catering livre \u00e0 la minute. Qu&rsquo;il s&rsquo;agisse d&rsquo;un fingerfood accrocheur pour votre r\u00e9ception, de buffets vari\u00e9s, de menus exclusifs&#8230; nous nous ferons un plaisir de vous proposer une offre sur mesure, enti\u00e8rement adapt\u00e9e \u00e0 vos attentes.  <\/p>\n<p>[\/et_pb_text][et_pb_button button_url=\u00a0\u00bbhttps:\/\/luginbuehls.com\/fr\/contact\/\u00a0\u00bb button_text=\u00a0\u00bbPrendre contact\u00a0\u00bb _builder_version=\u00a0\u00bb4.27.4&Prime; _module_preset=\u00a0\u00bb5919bc3f-4cfd-445a-8eaf-df25c5f3e2e0&Prime; custom_margin=\u00a0\u00bb30px||||false|false\u00a0\u00bb global_module=\u00a0\u00bb75&Prime; saved_tabs=\u00a0\u00bball\u00a0\u00bb global_colors_info=\u00a0\u00bb{}\u00a0\u00bb][\/et_pb_button][\/et_pb_column][\/et_pb_row][\/et_pb_section]<\/p>\n","protected":false},"excerpt":{"rendered":"<p>F\u00eates d&rsquo;entreprise\u00c9v\u00e9nements professionnels &#8211; organis\u00e9s avec professionnalisme, ex\u00e9cut\u00e9s avec fiabilit\u00e9Qu&rsquo;il s&rsquo;agisse de l&rsquo;ouverture d&rsquo;une filiale &#8211; de la f\u00eate de votre personnel &#8211; de l&rsquo;\u00e9v\u00e9nement de No\u00ebl &#8211; d&rsquo;un jubil\u00e9 &#8211; d&rsquo;une promotion&#8230; nous sommes l\u00e0 pour vous et vos invit\u00e9s et organisons votre \u00e9v\u00e9nement sur mesure, selon vos souhaits. Notre comp\u00e9tence est convaincante, aussi [&hellip;]<\/p>\n","protected":false},"author":1,"featured_media":0,"parent":0,"menu_order":0,"comment_status":"closed","ping_status":"closed","template":"","meta":{"_et_pb_use_builder":"on","_et_pb_old_content":"","_et_gb_content_width":"","footnotes":""},"class_list":["post-441","page","type-page","status-publish","hentry"],"_links":{"self":[{"href":"https:\/\/luginbuehls.com\/fr\/wp-json\/wp\/v2\/pages\/441","targetHints":{"allow":["GET"]}}],"collection":[{"href":"https:\/\/luginbuehls.com\/fr\/wp-json\/wp\/v2\/pages"}],"about":[{"href":"https:\/\/luginbuehls.com\/fr\/wp-json\/wp\/v2\/types\/page"}],"author":[{"embeddable":true,"href":"https:\/\/luginbuehls.com\/fr\/wp-json\/wp\/v2\/users\/1"}],"replies":[{"embeddable":true,"href":"https:\/\/luginbuehls.com\/fr\/wp-json\/wp\/v2\/comments?post=441"}],"version-history":[{"count":5,"href":"https:\/\/luginbuehls.com\/fr\/wp-json\/wp\/v2\/pages\/441\/revisions"}],"predecessor-version":[{"id":489,"href":"https:\/\/luginbuehls.com\/fr\/wp-json\/wp\/v2\/pages\/441\/revisions\/489"}],"wp:attachment":[{"href":"https:\/\/luginbuehls.com\/fr\/wp-json\/wp\/v2\/media?parent=441"}],"curies":[{"name":"wp","href":"https:\/\/api.w.org\/{rel}","templated":true}]}}