{"id":437,"date":"2025-09-05T19:10:12","date_gmt":"2025-09-05T17:10:12","guid":{"rendered":"https:\/\/luginbuehls.com\/entree\/"},"modified":"2026-04-14T09:49:49","modified_gmt":"2026-04-14T07:49:49","slug":"entree","status":"publish","type":"page","link":"https:\/\/luginbuehls.com\/fr\/entree\/","title":{"rendered":"Entr\u00e9e"},"content":{"rendered":"<p>[et_pb_section fb_built=\u00a0\u00bb1&Prime; admin_label=\u00a0\u00bbHeader\u00a0\u00bb _builder_version=\u00a0\u00bb4.27.4&Prime; _module_preset=\u00a0\u00bbdefault\u00a0\u00bb custom_padding=\u00a0\u00bb0px||0px||true|false\u00a0\u00bb collapsed=\u00a0\u00bbon\u00a0\u00bb global_colors_info=\u00a0\u00bb{}\u00a0\u00bb][et_pb_row column_structure=\u00a0\u00bb1_2,1_2&Prime; use_custom_gutter=\u00a0\u00bbon\u00a0\u00bb gutter_width=\u00a0\u00bb1&Prime; _builder_version=\u00a0\u00bb4.27.4&Prime; _module_preset=\u00a0\u00bbdefault\u00a0\u00bb width=\u00a0\u00bb100%\u00a0\u00bb max_width=\u00a0\u00bbnone\u00a0\u00bb custom_padding=\u00a0\u00bb0px||0px||true|false\u00a0\u00bb custom_css_main_element=\u00a0\u00bbalign-items: inherit;\u00a0\u00bb global_colors_info=\u00a0\u00bb{}\u00a0\u00bb][et_pb_column type=\u00a0\u00bb1_2&Prime; _builder_version=\u00a0\u00bb4.27.4&Prime; _module_preset=\u00a0\u00bbdefault\u00a0\u00bb background_image=\u00a0\u00bbhttps:\/\/luginbuehls.com\/wp-content\/uploads\/2025\/09\/Luginbuehls-Private-Feier.webp\u00a0\u00bb background_position=\u00a0\u00bbcenter_left\u00a0\u00bb background_horizontal_offset=\u00a0\u00bb22%\u00a0\u00bb custom_css_main_element=\u00a0\u00bbmin-height: 90vh;\u00a0\u00bb global_colors_info=\u00a0\u00bb{}\u00a0\u00bb custom_css_main_element_last_edited=\u00a0\u00bbon|tablet\u00a0\u00bb custom_css_main_element_tablet=\u00a0\u00bbheight: auto;\u00a0\u00bb custom_css_main_element_phone=\u00a0\u00bbheight: auto;\u00a0\u00bb][et_pb_image src=\u00a0\u00bbhttps:\/\/luginbuehls.com\/wp-content\/uploads\/2025\/09\/Luginbuehls-Private-Feier.webp\u00a0\u00bb title_text=\u00a0\u00bbF\u00eate priv\u00e9e de Luginbuehl\u00a0\u00bb disabled_on=\u00a0\u00bboff|off|on\u00a0\u00bb _builder_version=\u00a0\u00bb4.27.4&Prime; _module_preset=\u00a0\u00bbdefault\u00a0\u00bb global_colors_info=\u00a0\u00bb{}\u00a0\u00bb][\/et_pb_image][\/et_pb_column][et_pb_column type=\u00a0\u00bb1_2&Prime; _builder_version=\u00a0\u00bb4.27.4&Prime; _module_preset=\u00a0\u00bbdefault\u00a0\u00bb background_color=\u00a0\u00bbrgba(255,255,255,0.8)\u00a0\u00bb background_image=\u00a0\u00bbhttps:\/\/luginbuehls.com\/wp-content\/uploads\/2025\/09\/eatery-14.jpg\u00a0\u00bb background_blend=\u00a0\u00bboverlay\u00a0\u00bb custom_padding=\u00a0\u00bb4%|5%|4%|5%|true|true\u00a0\u00bb custom_padding_tablet=\u00a0\u00bb8%|5%|8%|5%|true|true\u00a0\u00bb custom_padding_phone=\u00a0\u00bb10%|5%|10%|5%|true|true\u00a0\u00bb custom_padding_last_edited=\u00a0\u00bbon|phone\u00a0\u00bb custom_css_main_element=\u00a0\u00bbmin-height: 90vh;||display: flex;||flex-direction: column;||justify-content: center;\u00a0\u00bb global_colors_info=\u00a0\u00bb{}\u00a0\u00bb custom_css_main_element_last_edited=\u00a0\u00bbon|tablet\u00a0\u00bb custom_css_main_element_tablet=\u00a0\u00bbheight: auto;\u00a0\u00bb custom_css_main_element_phone=\u00a0\u00bbheight: auto;\u00a0\u00bb][et_pb_heading title=\u00a0\u00bbEntr\u00e9e\u00a0\u00bb _builder_version=\u00a0\u00bb4.27.4&Prime; _module_preset=\u00a0\u00bb8486423a-9bcd-4e95-97e7-84a5cf621cb4&Prime; title_font=\u00a0\u00bb&#8211;et_global_heading_font|&#8211;et_global_heading_font_weight|||||||\u00a0\u00bb title_text_align=\u00a0\u00bbleft\u00a0\u00bb title_text_color=\u00a0\u00bb#252525&Prime; custom_margin=\u00a0\u00bb||10px||false|false\u00a0\u00bb title_font_size_tablet=\u00a0\u00bb60px\u00a0\u00bb title_font_size_phone=\u00a0\u00bb40px\u00a0\u00bb title_font_size_last_edited=\u00a0\u00bbon|phone\u00a0\u00bb global_colors_info=\u00a0\u00bb{}\u00a0\u00bb][\/et_pb_heading][et_pb_text _builder_version=\u00a0\u00bb4.27.4&Prime; _module_preset=\u00a0\u00bbdefault\u00a0\u00bb header_2_font=\u00a0\u00bb|||on|||||\u00a0\u00bb header_2_text_color=\u00a0\u00bbgcid-98622919-12d7-48fd-bcaf-ff1d6319e18c\u00a0\u00bb header_2_font_size=\u00a0\u00bb20px\u00a0\u00bb max_width=\u00a0\u00bb600px\u00a0\u00bb custom_margin=\u00a0\u00bb||8px||false|false\u00a0\u00bb global_colors_info=\u00a0\u00bb{%22gcid-98622919-12d7-48fd-bcaf-ff1d6319e18c%22:%91%22header_2_text_color%22%93}\u00a0\u00bb]<\/p>\n<h2>Nous cr\u00e9ons le cadre id\u00e9al pour votre \u00e9v\u00e9nement !<\/h2>\n<p>[\/et_pb_text][et_pb_text _builder_version=\u00a0\u00bb4.27.4&Prime; _module_preset=\u00a0\u00bbdefault\u00a0\u00bb global_colors_info=\u00a0\u00bb{}\u00a0\u00bb]<\/p>\n<p>Que ce soit pour un \u00e9v\u00e9nement d&rsquo;entreprise comme une r\u00e9union, une promotion, une f\u00eate d&rsquo;anniversaire&#8230; ou pour un \u00e9v\u00e9nement priv\u00e9 comme un mariage, un anniversaire, une inauguration de maison&#8230; &#8211; nous cr\u00e9ons pour vous un concept sur mesure. Vous \u00eates les acteurs principaux, nous sommes les metteurs en sc\u00e8ne ! <\/p>\n<p>En tant que metteurs en sc\u00e8ne, nous organisons pour vous une sc\u00e8ne inoubliable dans une ambiance unique : plongez avec vos invit\u00e9s dans notre univers culinaire ! Pour cela, nous planifions de mani\u00e8re cr\u00e9ative, mettons en \u0153uvre avec passion et ex\u00e9cutons de mani\u00e8re fiable &#8211; avec style et de mani\u00e8re tout \u00e0 fait personnelle. Vous imaginez un \u00e9v\u00e9nement sous la forme d&rsquo;un ap\u00e9ritif d\u00e9contract\u00e9 ? Vous pr\u00e9f\u00e9rez surprendre vos invit\u00e9s avec un \u00e9v\u00e9nement hors du commun et un programme vari\u00e9 ? Nous concevons pour vous le sc\u00e9nario &#8211; en fonction de vos souhaits et de vos besoins.    <\/p>\n<p>En tant que prestataire de services \u00e9v\u00e9nementiels et de restauration, nous consid\u00e9rons que notre comp\u00e9tence s&rsquo;\u00e9tend aux \u00e9v\u00e9nements \u00e0 partir de 50 invit\u00e9s &#8211; jusqu&rsquo;\u00e0 500 invit\u00e9s, nous nous sentons dans notre \u00e9l\u00e9ment&#8230;<\/p>\n<p>Vous trouverez notre offre de base sur ce site ci-dessous &#8211; pour l&rsquo;\u00e9tablissement d&rsquo;une offre sur mesure, nous vous facturerons 80 CHF comme frais de dossier, qui vous seront rembours\u00e9s sur la facture finale sous forme d&rsquo;avoir.<\/p>\n<p>[\/et_pb_text][et_pb_blurb title=\u00a0\u00bbOffre compl\u00e8te\u00a0\u00bb image=\u00a0\u00bbhttps:\/\/luginbuehls.com\/wp-content\/uploads\/2025\/09\/files.png\u00a0\u00bb icon_placement=\u00a0\u00bbleft\u00a0\u00bb image_icon_width=\u00a0\u00bb30px\u00a0\u00bb content_max_width=\u00a0\u00bb100%\u00a0\u00bb _builder_version=\u00a0\u00bb4.27.6&Prime; _module_preset=\u00a0\u00bbdefault\u00a0\u00bb header_level=\u00a0\u00bbh3&Prime; header_font_size=\u00a0\u00bb18px\u00a0\u00bb image_icon_custom_margin=\u00a0\u00bb-4px|-6px|||false|false\u00a0\u00bb image_icon_custom_padding=\u00a0\u00bb||||false|false\u00a0\u00bb custom_margin=\u00a0\u00bb16px|||-10px|false|false\u00a0\u00bb link_option_url=\u00a0\u00bbhttps:\/\/luginbuehls.com\/wp-content\/uploads\/2026\/04\/2026-A-Z-franz.pdf\u00a0\u00bb link_option_url_new_window=\u00a0\u00bbon\u00a0\u00bb hover_enabled=\u00a0\u00bb0&Prime; global_module=\u00a0\u00bb241&Prime; saved_tabs=\u00a0\u00bball\u00a0\u00bb global_colors_info=\u00a0\u00bb{}\u00a0\u00bb sticky_enabled=\u00a0\u00bb0&Prime;][\/et_pb_blurb][et_pb_button button_url=\u00a0\u00bbhttps:\/\/luginbuehls.com\/fr\/contact\/\u00a0\u00bb button_text=\u00a0\u00bbPrendre contact\u00a0\u00bb _builder_version=\u00a0\u00bb4.27.4&Prime; _module_preset=\u00a0\u00bb5919bc3f-4cfd-445a-8eaf-df25c5f3e2e0&Prime; custom_margin=\u00a0\u00bb30px||||false|false\u00a0\u00bb global_module=\u00a0\u00bb75&Prime; saved_tabs=\u00a0\u00bball\u00a0\u00bb global_colors_info=\u00a0\u00bb{}\u00a0\u00bb][\/et_pb_button][\/et_pb_column][\/et_pb_row][\/et_pb_section]<\/p>\n","protected":false},"excerpt":{"rendered":"<p>Nous cr\u00e9ons le cadre id\u00e9al pour votre \u00e9v\u00e9nement !Que ce soit pour un \u00e9v\u00e9nement d&rsquo;entreprise comme une r\u00e9union, une promotion, une f\u00eate d&rsquo;anniversaire&#8230; ou pour un \u00e9v\u00e9nement priv\u00e9 comme un mariage, un anniversaire, une inauguration de maison&#8230; &#8211; nous cr\u00e9ons pour vous un concept sur mesure. Vous \u00eates les acteurs principaux, nous sommes les metteurs [&hellip;]<\/p>\n","protected":false},"author":1,"featured_media":0,"parent":0,"menu_order":0,"comment_status":"closed","ping_status":"closed","template":"","meta":{"_et_pb_use_builder":"on","_et_pb_old_content":"","_et_gb_content_width":"","footnotes":""},"class_list":["post-437","page","type-page","status-publish","hentry"],"_links":{"self":[{"href":"https:\/\/luginbuehls.com\/fr\/wp-json\/wp\/v2\/pages\/437","targetHints":{"allow":["GET"]}}],"collection":[{"href":"https:\/\/luginbuehls.com\/fr\/wp-json\/wp\/v2\/pages"}],"about":[{"href":"https:\/\/luginbuehls.com\/fr\/wp-json\/wp\/v2\/types\/page"}],"author":[{"embeddable":true,"href":"https:\/\/luginbuehls.com\/fr\/wp-json\/wp\/v2\/users\/1"}],"replies":[{"embeddable":true,"href":"https:\/\/luginbuehls.com\/fr\/wp-json\/wp\/v2\/comments?post=437"}],"version-history":[{"count":9,"href":"https:\/\/luginbuehls.com\/fr\/wp-json\/wp\/v2\/pages\/437\/revisions"}],"predecessor-version":[{"id":517,"href":"https:\/\/luginbuehls.com\/fr\/wp-json\/wp\/v2\/pages\/437\/revisions\/517"}],"wp:attachment":[{"href":"https:\/\/luginbuehls.com\/fr\/wp-json\/wp\/v2\/media?parent=437"}],"curies":[{"name":"wp","href":"https:\/\/api.w.org\/{rel}","templated":true}]}}