{"id":424,"date":"2025-09-04T12:10:08","date_gmt":"2025-09-04T10:10:08","guid":{"rendered":"https:\/\/luginbuehls.com\/accueil\/"},"modified":"2025-09-08T19:45:48","modified_gmt":"2025-09-08T17:45:48","slug":"accueil","status":"publish","type":"page","link":"https:\/\/luginbuehls.com\/fr\/","title":{"rendered":"Accueil"},"content":{"rendered":"<p>[et_pb_section fb_built=\u00a0\u00bb1&Prime; admin_label=\u00a0\u00bbHeader\u00a0\u00bb _builder_version=\u00a0\u00bb4.27.4&Prime; _module_preset=\u00a0\u00bbdefault\u00a0\u00bb custom_padding=\u00a0\u00bb0px||0px||true|false\u00a0\u00bb collapsed=\u00a0\u00bbon\u00a0\u00bb global_colors_info=\u00a0\u00bb{}\u00a0\u00bb][et_pb_row column_structure=\u00a0\u00bb1_2,1_2&Prime; use_custom_gutter=\u00a0\u00bbon\u00a0\u00bb gutter_width=\u00a0\u00bb1&Prime; _builder_version=\u00a0\u00bb4.27.4&Prime; _module_preset=\u00a0\u00bbdefault\u00a0\u00bb width=\u00a0\u00bb100%\u00a0\u00bb max_width=\u00a0\u00bbnone\u00a0\u00bb custom_padding=\u00a0\u00bb0px||0px||true|false\u00a0\u00bb custom_css_main_element=\u00a0\u00bbalign-items: inherit;\u00a0\u00bb global_colors_info=\u00a0\u00bb{}\u00a0\u00bb][et_pb_column type=\u00a0\u00bb1_2&Prime; _builder_version=\u00a0\u00bb4.27.4&Prime; _module_preset=\u00a0\u00bbdefault\u00a0\u00bb background_color=\u00a0\u00bbgcid-aad3bfa1-32d4-476f-9dbb-db2f2f1e9d97&Prime; background_image=\u00a0\u00bbhttps:\/\/luginbuehls.com\/wp-content\/uploads\/2025\/09\/fuchsia-napkin-2024-10-17-08-38-22-utc.webp\u00a0\u00bb background_blend=\u00a0\u00bbmultiply\u00a0\u00bb custom_padding=\u00a0\u00bb4%|5%|4%|5%|true|true\u00a0\u00bb custom_padding_tablet=\u00a0\u00bb8%|5%|8%|5%|true|true\u00a0\u00bb custom_padding_phone=\u00a0\u00bb10%||10%||true|true\u00a0\u00bb custom_padding_last_edited=\u00a0\u00bbon|phone\u00a0\u00bb custom_css_main_element=\u00a0\u00bbmin-height: 90vh;||display: flex;||flex-direction: column;||align-items: center;||justify-content: center;\u00a0\u00bb global_colors_info=\u00a0\u00bb{%22gcid-aad3bfa1-32d4-476f-9dbb-db2f2f1e9d97%22:%91%22background_color%22%93}\u00a0\u00bb custom_css_main_element_last_edited=\u00a0\u00bbon|tablet\u00a0\u00bb custom_css_main_element_tablet=\u00a0\u00bbheight: auto;||display: flex;||flex-direction: column;||justify-content: center;\u00a0\u00bb custom_css_main_element_phone=\u00a0\u00bbheight: auto;||display: flex;||flex-direction: column;||justify-content: center;\u00a0\u00bb][et_pb_heading title=\u00a0\u00bbC\u00e9l\u00e9brer avec go\u00fbt.\u00a0\u00bb _builder_version=\u00a0\u00bb4.27.4&Prime; _module_preset=\u00a0\u00bb8486423a-9bcd-4e95-97e7-84a5cf621cb4&Prime; title_text_align=\u00a0\u00bbcenter\u00a0\u00bb title_text_color=\u00a0\u00bb#FFFFFF\u00a0\u00bb title_font_size_tablet=\u00a0\u00bb60px\u00a0\u00bb title_font_size_phone=\u00a0\u00bb40px\u00a0\u00bb title_font_size_last_edited=\u00a0\u00bbon|phone\u00a0\u00bb global_colors_info=\u00a0\u00bb{}\u00a0\u00bb][\/et_pb_heading][et_pb_text _builder_version=\u00a0\u00bb4.27.4&Prime; _module_preset=\u00a0\u00bbdefault\u00a0\u00bb text_font=\u00a0\u00bb|600||on|||||\u00a0\u00bb text_text_color=\u00a0\u00bb#FFFFFF\u00a0\u00bb header_2_text_color=\u00a0\u00bb#FFFFFF\u00a0\u00bb header_2_font_size=\u00a0\u00bb20px\u00a0\u00bb header_2_line_height=\u00a0\u00bb1.5em\u00a0\u00bb text_orientation=\u00a0\u00bbcenter\u00a0\u00bb max_width=\u00a0\u00bb550px\u00a0\u00bb module_alignment=\u00a0\u00bbcenter\u00a0\u00bb custom_margin=\u00a0\u00bb||8px||false|false\u00a0\u00bb locked=\u00a0\u00bboff\u00a0\u00bb global_colors_info=\u00a0\u00bb{}\u00a0\u00bb]<\/p>\n<h2>QU&rsquo;IL S&rsquo;AGISSE D&rsquo;UN \u00c9V\u00c9NEMENT D&rsquo;ENTREPRISE OU D&rsquo;UNE F\u00caTE PRIV\u00c9E, NOTRE \u00c9QUIPE D\u00c9VOU\u00c9E PLANIFIE, COORDONNE ET CHOIE VOS INVIT\u00c9S.<\/h2>\n<p>[\/et_pb_text][et_pb_image src=\u00a0\u00bbhttps:\/\/luginbuehls.com\/wp-content\/uploads\/2025\/09\/04_7cd808e50fb358be359270d23e85d46d.webp\u00a0\u00bb title_text=\u00a0\u00bb04_7cd808e50fb358be359270d23e85d46d\u00a0\u00bb align=\u00a0\u00bbcenter\u00a0\u00bb disabled_on=\u00a0\u00bbon|on|on\u00a0\u00bb _builder_version=\u00a0\u00bb4.27.4&Prime; _module_preset=\u00a0\u00bbdefault\u00a0\u00bb width=\u00a0\u00bb60%\u00a0\u00bb module_alignment=\u00a0\u00bbcenter\u00a0\u00bb custom_margin=\u00a0\u00bb||30px||false|false\u00a0\u00bb disabled=\u00a0\u00bbon\u00a0\u00bb global_colors_info=\u00a0\u00bb{}\u00a0\u00bb][\/et_pb_image][et_pb_button button_url=\u00a0\u00bb#angebot\u00a0\u00bb button_text=\u00a0\u00bbEn savoir plus\u00a0\u00bb button_alignment=\u00a0\u00bbcenter\u00a0\u00bb _builder_version=\u00a0\u00bb4.27.4&Prime; _module_preset=\u00a0\u00bb8b1a3952-d499-46e0-abd2-b42451245cd7&Prime; global_module=\u00a0\u00bb70&Prime; saved_tabs=\u00a0\u00bball\u00a0\u00bb global_colors_info=\u00a0\u00bb{}\u00a0\u00bb][\/et_pb_button][\/et_pb_column][et_pb_column type=\u00a0\u00bb1_2&Prime; _builder_version=\u00a0\u00bb4.27.4&Prime; _module_preset=\u00a0\u00bbdefault\u00a0\u00bb background_image=\u00a0\u00bbhttps:\/\/luginbuehls.com\/wp-content\/uploads\/2025\/09\/DSC_8058.webp\u00a0\u00bb custom_css_main_element=\u00a0\u00bbmin-height: 90vh;\u00a0\u00bb global_colors_info=\u00a0\u00bb{}\u00a0\u00bb custom_css_main_element_last_edited=\u00a0\u00bbon|tablet\u00a0\u00bb custom_css_main_element_tablet=\u00a0\u00bbheight: 0p;\u00a0\u00bb custom_css_main_element_phone=\u00a0\u00bbheight: 0p;\u00a0\u00bb][\/et_pb_column][\/et_pb_row][\/et_pb_section][et_pb_section fb_built=\u00a0\u00bb1&Prime; admin_label=\u00a0\u00bbAbout\u00a0\u00bb _builder_version=\u00a0\u00bb4.27.4&Prime; _module_preset=\u00a0\u00bbdefault\u00a0\u00bb background_color=\u00a0\u00bbrgba(255,255,255,0.8)\u00a0\u00bb background_image=\u00a0\u00bbhttps:\/\/luginbuehls.com\/wp-content\/uploads\/2025\/09\/eatery-14.jpg\u00a0\u00bb background_blend=\u00a0\u00bboverlay\u00a0\u00bb custom_padding=\u00a0\u00bb4vw||4vw||true|false\u00a0\u00bb collapsed=\u00a0\u00bbon\u00a0\u00bb global_colors_info=\u00a0\u00bb{}\u00a0\u00bb][et_pb_row column_structure=\u00a0\u00bb3_5,2_5&Prime; _builder_version=\u00a0\u00bb4.27.4&Prime; _module_preset=\u00a0\u00bbdefault\u00a0\u00bb global_colors_info=\u00a0\u00bb{}\u00a0\u00bb][et_pb_column type=\u00a0\u00bb3_5&Prime; _builder_version=\u00a0\u00bb4.25.1&Prime; _module_preset=\u00a0\u00bbdefault\u00a0\u00bb global_colors_info=\u00a0\u00bb{}\u00a0\u00bb][et_pb_heading title=\u00a0\u00bbVous avez fait un pas de plus vers la c\u00e9l\u00e9bration de votre mariage.\u00a0\u00bb _builder_version=\u00a0\u00bb4.27.4&Prime; _module_preset=\u00a0\u00bbcc50d436-483e-47bc-86a9-95cd6ed25c5a\u00a0\u00bb title_font=\u00a0\u00bb&#8211;et_global_heading_font|&#8211;et_global_heading_font_weight|||||||\u00a0\u00bb custom_margin=\u00a0\u00bb||10px||false|false\u00a0\u00bb global_colors_info=\u00a0\u00bb{}\u00a0\u00bb][\/et_pb_heading][et_pb_text _builder_version=\u00a0\u00bb4.27.4&Prime; _module_preset=\u00a0\u00bbdefault\u00a0\u00bb global_colors_info=\u00a0\u00bb{}\u00a0\u00bb]<\/p>\n<p>Laissez-vous s\u00e9duire par nos impressions ou demandez directement un devis sans engagement pour votre \u00e9v\u00e9nement chez nous.<\/p>\n<p>Ce qui distingue Luginb\u00fchl&rsquo;s Event &amp; Catering, c&rsquo;est l&rsquo;attention individuelle que nous pouvons garantir \u00e0 chaque invit\u00e9. Que vous ayez d\u00e9j\u00e0 une id\u00e9e pr\u00e9cise de votre \u00e9v\u00e9nement ou que vous souhaitiez que nous vous conseillions d\u00e8s le d\u00e9but, nous sommes l\u00e0 pour vous aider. Luginb\u00fchl&rsquo;s vous offre un service complet gr\u00e2ce \u00e0 une \u00e9quipe professionnelle et engag\u00e9e.<\/p>\n<p>[\/et_pb_text][et_pb_button button_url=\u00a0\u00bb#angebot\u00a0\u00bb button_text=\u00a0\u00bbEn savoir plus\u00a0\u00bb _builder_version=\u00a0\u00bb4.27.4&Prime; _module_preset=\u00a0\u00bb5919bc3f-4cfd-445a-8eaf-df25c5f3e2e0&Prime; custom_margin=\u00a0\u00bb30px||||false|false\u00a0\u00bb hover_enabled=\u00a0\u00bb0&Prime; global_module=\u00a0\u00bb75&Prime; saved_tabs=\u00a0\u00bball\u00a0\u00bb global_colors_info=\u00a0\u00bb{}\u00a0\u00bb sticky_enabled=\u00a0\u00bb0&Prime;][\/et_pb_button][\/et_pb_column][et_pb_column type=\u00a0\u00bb2_5&Prime; _builder_version=\u00a0\u00bb4.27.4&Prime; _module_preset=\u00a0\u00bbdefault\u00a0\u00bb custom_padding_tablet=\u00a0\u00bb30px|30px|30px|30px|true|true\u00a0\u00bb custom_padding_phone=\u00a0\u00bb20px|20px|20px|20px|true|true\u00a0\u00bb custom_padding_last_edited=\u00a0\u00bboff|desktop\u00a0\u00bb border_color_all=\u00a0\u00bb#252525&Prime; global_colors_info=\u00a0\u00bb{%22gcid-2f5b30e8-0b99-49ac-8bde-95b2f7f6fb2c%22:%91%22border_color_all%22%93}\u00a0\u00bb][et_pb_image src=\u00a0\u00bbhttps:\/\/luginbuehls.com\/wp-content\/uploads\/2025\/09\/Luginbuehls-Home.webp\u00a0\u00bb title_text=\u00a0\u00bbAccueil de Luginbuehl\u00a0\u00bb _builder_version=\u00a0\u00bb4.27.4&Prime; _module_preset=\u00a0\u00bbdefault\u00a0\u00bb global_colors_info=\u00a0\u00bb{}\u00a0\u00bb][\/et_pb_image][\/et_pb_column][\/et_pb_row][\/et_pb_section][et_pb_section fb_built=\u00a0\u00bb1&Prime; admin_label=\u00a0\u00bbFullwidth Image\u00a0\u00bb _builder_version=\u00a0\u00bb4.27.4&Prime; _module_preset=\u00a0\u00bbdefault\u00a0\u00bb background_image=\u00a0\u00bbhttps:\/\/luginbuehls.com\/wp-content\/uploads\/2025\/09\/Angebot_Stehdinner_img_1.webp\u00a0\u00bb background_position=\u00a0\u00bbbottom_center\u00a0\u00bb background_vertical_offset=\u00a0\u00bb22%\u00a0\u00bb custom_padding=\u00a0\u00bb0px||0px||true|false\u00a0\u00bb collapsed=\u00a0\u00bbon\u00a0\u00bb global_colors_info=\u00a0\u00bb{}\u00a0\u00bb][et_pb_row _builder_version=\u00a0\u00bb4.27.4&Prime; _module_preset=\u00a0\u00bbdefault\u00a0\u00bb background_enable_color=\u00a0\u00bboff\u00a0\u00bb width=\u00a0\u00bb100%\u00a0\u00bb max_width=\u00a0\u00bbnone\u00a0\u00bb custom_padding=\u00a0\u00bb0px||0px||true|false\u00a0\u00bb global_colors_info=\u00a0\u00bb{}\u00a0\u00bb][et_pb_column type=\u00a0\u00bb4_4&Prime; _builder_version=\u00a0\u00bb4.27.4&Prime; _module_preset=\u00a0\u00bbdefault\u00a0\u00bb global_colors_info=\u00a0\u00bb{}\u00a0\u00bb][et_pb_divider show_divider=\u00a0\u00bboff\u00a0\u00bb _builder_version=\u00a0\u00bb4.27.4&Prime; _module_preset=\u00a0\u00bbdefault\u00a0\u00bb height=\u00a0\u00bb55vh\u00a0\u00bb global_colors_info=\u00a0\u00bb{}\u00a0\u00bb][\/et_pb_divider][\/et_pb_column][\/et_pb_row][\/et_pb_section][et_pb_section fb_built=\u00a0\u00bb1&Prime; admin_label=\u00a0\u00bbAbout\u00a0\u00bb _builder_version=\u00a0\u00bb4.27.4&Prime; _module_preset=\u00a0\u00bbdefault\u00a0\u00bb background_color=\u00a0\u00bb#F3F3F3&Prime; custom_padding=\u00a0\u00bb4vw||4vw||true|false\u00a0\u00bb locked=\u00a0\u00bboff\u00a0\u00bb collapsed=\u00a0\u00bbon\u00a0\u00bb global_colors_info=\u00a0\u00bb{}\u00a0\u00bb][et_pb_row module_id=\u00a0\u00bbangebot\u00a0\u00bb _builder_version=\u00a0\u00bb4.27.4&Prime; _module_preset=\u00a0\u00bbdefault\u00a0\u00bb global_colors_info=\u00a0\u00bb{}\u00a0\u00bb][et_pb_column type=\u00a0\u00bb4_4&Prime; _builder_version=\u00a0\u00bb4.27.4&Prime; _module_preset=\u00a0\u00bbdefault\u00a0\u00bb global_colors_info=\u00a0\u00bb{}\u00a0\u00bb][et_pb_heading title=\u00a0\u00bbNotre offre\u00a0\u00bb _builder_version=\u00a0\u00bb4.27.4&Prime; _module_preset=\u00a0\u00bbcc50d436-483e-47bc-86a9-95cd6ed25c5a\u00a0\u00bb title_font=\u00a0\u00bb&#8211;et_global_heading_font|&#8211;et_global_heading_font_weight|||||||\u00a0\u00bb title_text_align=\u00a0\u00bbcenter\u00a0\u00bb custom_margin=\u00a0\u00bb||10px||false|false\u00a0\u00bb global_colors_info=\u00a0\u00bb{}\u00a0\u00bb][\/et_pb_heading][et_pb_text _builder_version=\u00a0\u00bb4.27.4&Prime; _module_preset=\u00a0\u00bbdefault\u00a0\u00bb global_colors_info=\u00a0\u00bb{}\u00a0\u00bb]<\/p>\n<p style=\"text-align: center;\">Des entr\u00e9es raffin\u00e9es aux \u00e9v\u00e9nements professionnels d&rsquo;entreprise en passant par les f\u00eates priv\u00e9es personnelles, nous planifions, cuisinons et assurons le service avec c\u0153ur et exp\u00e9rience.<\/p>\n<p>[\/et_pb_text][\/et_pb_column][\/et_pb_row][et_pb_row column_structure=\u00a0\u00bb1_3,1_3,1_3&Prime; use_custom_gutter=\u00a0\u00bbon\u00a0\u00bb custom_padding_last_edited=\u00a0\u00bbon|tablet\u00a0\u00bb _builder_version=\u00a0\u00bb4.27.4&Prime; _module_preset=\u00a0\u00bbdefault\u00a0\u00bb custom_padding_tablet=\u00a0\u00bb0px||||false|false\u00a0\u00bb custom_padding_phone=\u00a0\u00bb0px||||false|false\u00a0\u00bb global_colors_info=\u00a0\u00bb{}\u00a0\u00bb][et_pb_column type=\u00a0\u00bb1_3&Prime; _builder_version=\u00a0\u00bb4.25.1&Prime; _module_preset=\u00a0\u00bbdefault\u00a0\u00bb global_colors_info=\u00a0\u00bb{}\u00a0\u00bb][et_pb_blurb title=\u00a0\u00bbEntr\u00e9e\u00a0\u00bb image=\u00a0\u00bbhttps:\/\/luginbuehls.com\/wp-content\/uploads\/2025\/09\/Luginbuehls-Entree-Portrait.webp\u00a0\u00bb _builder_version=\u00a0\u00bb4.27.4&Prime; _module_preset=\u00a0\u00bbdefault\u00a0\u00bb header_level=\u00a0\u00bbh3&Prime; custom_margin_tablet=\u00a0\u00bb||4px||false|false\u00a0\u00bb custom_margin_phone=\u00a0\u00bb||4px||false|false\u00a0\u00bb custom_margin_last_edited=\u00a0\u00bbon|tablet\u00a0\u00bb animation=\u00a0\u00bboff\u00a0\u00bb global_colors_info=\u00a0\u00bb{}\u00a0\u00bb]<\/p>\n<p>Entr\u00e9es &amp; ap\u00e9ritifs raffin\u00e9s &#8211;<br \/>frais, cr\u00e9atifs et pr\u00eats \u00e0 servir.<\/p>\n<p>[\/et_pb_blurb][et_pb_button button_url=\u00a0\u00bbhttps:\/\/luginbuehls.com\/fr\/entree\/\u00a0\u00bb button_text=\u00a0\u00bbEn savoir plus\u00a0\u00bb _builder_version=\u00a0\u00bb4.27.4&Prime; _module_preset=\u00a0\u00bb5919bc3f-4cfd-445a-8eaf-df25c5f3e2e0&Prime; button_border_width=\u00a0\u00bb0px\u00a0\u00bb button_icon=\u00a0\u00bb&#x35;||divi||400&Prime; button_on_hover=\u00a0\u00bboff\u00a0\u00bb custom_margin=\u00a0\u00bb||||false|false\u00a0\u00bb custom_padding=\u00a0\u00bb0px|0px|0px|0px|true|true\u00a0\u00bb global_module=\u00a0\u00bb117&Prime; saved_tabs=\u00a0\u00bball\u00a0\u00bb global_colors_info=\u00a0\u00bb{%22gcid-3f98729a-f325-4262-9065-9ac1c05e54f8%22:%91%22button_text_color%22,%22button_border_color%22%93}\u00a0\u00bb][\/et_pb_button][\/et_pb_column][et_pb_column type=\u00a0\u00bb1_3&Prime; _builder_version=\u00a0\u00bb4.27.4&Prime; _module_preset=\u00a0\u00bbdefault\u00a0\u00bb custom_padding_tablet=\u00a0\u00bb30px|30px|30px|30px|true|true\u00a0\u00bb custom_padding_phone=\u00a0\u00bb20px|20px|20px|20px|true|true\u00a0\u00bb custom_padding_last_edited=\u00a0\u00bboff|desktop\u00a0\u00bb border_color_all=\u00a0\u00bb#252525&Prime; global_colors_info=\u00a0\u00bb{%22gcid-2f5b30e8-0b99-49ac-8bde-95b2f7f6fb2c%22:%91%22border_color_all%22%93}\u00a0\u00bb][et_pb_blurb title=\u00a0\u00bbC\u00e9l\u00e9brations priv\u00e9es\u00a0\u00bb image=\u00a0\u00bbhttps:\/\/luginbuehls.com\/wp-content\/uploads\/2025\/09\/Luginbuehls-Private-Feier-Portrait.webp\u00a0\u00bb _builder_version=\u00a0\u00bb4.27.4&Prime; _module_preset=\u00a0\u00bbdefault\u00a0\u00bb header_level=\u00a0\u00bbh3&Prime; custom_margin_tablet=\u00a0\u00bb||4px||false|false\u00a0\u00bb custom_margin_phone=\u00a0\u00bb||4px||false|false\u00a0\u00bb custom_margin_last_edited=\u00a0\u00bbon|tablet\u00a0\u00bb animation=\u00a0\u00bboff\u00a0\u00bb global_colors_info=\u00a0\u00bb{}\u00a0\u00bb]<\/p>\n<p>C\u00e9l\u00e9brations personnelles &#8211; planifi\u00e9es individuellement, r\u00e9alis\u00e9es avec amour.<\/p>\n<p>[\/et_pb_blurb][et_pb_button button_url=\u00a0\u00bbhttps:\/\/luginbuehls.com\/fr\/celebrations-privees\/\u00a0\u00bb button_text=\u00a0\u00bbEn savoir plus\u00a0\u00bb _builder_version=\u00a0\u00bb4.27.4&Prime; _module_preset=\u00a0\u00bb5919bc3f-4cfd-445a-8eaf-df25c5f3e2e0&Prime; button_border_width=\u00a0\u00bb0px\u00a0\u00bb button_icon=\u00a0\u00bb&#x35;||divi||400&Prime; button_on_hover=\u00a0\u00bboff\u00a0\u00bb custom_margin=\u00a0\u00bb||||false|false\u00a0\u00bb custom_padding=\u00a0\u00bb0px|0px|0px|0px|true|true\u00a0\u00bb global_module=\u00a0\u00bb117&Prime; saved_tabs=\u00a0\u00bball\u00a0\u00bb global_colors_info=\u00a0\u00bb{%22gcid-3f98729a-f325-4262-9065-9ac1c05e54f8%22:%91%22button_text_color%22,%22button_border_color%22%93}\u00a0\u00bb][\/et_pb_button][\/et_pb_column][et_pb_column type=\u00a0\u00bb1_3&Prime; _builder_version=\u00a0\u00bb4.27.4&Prime; _module_preset=\u00a0\u00bbdefault\u00a0\u00bb custom_padding_tablet=\u00a0\u00bb30px|30px|30px|30px|true|true\u00a0\u00bb custom_padding_phone=\u00a0\u00bb20px|20px|20px|20px|true|true\u00a0\u00bb custom_padding_last_edited=\u00a0\u00bboff|desktop\u00a0\u00bb border_color_all=\u00a0\u00bb#252525&Prime; global_colors_info=\u00a0\u00bb{%22gcid-2f5b30e8-0b99-49ac-8bde-95b2f7f6fb2c%22:%91%22border_color_all%22%93}\u00a0\u00bb][et_pb_blurb title=\u00a0\u00bbC\u00e9r\u00e9monie d&#039;affaires\u00a0\u00bb image=\u00a0\u00bbhttps:\/\/luginbuehls.com\/wp-content\/uploads\/2025\/09\/Luginbuehls-Geschaeftliche-Feier-Portrait.webp\u00a0\u00bb _builder_version=\u00a0\u00bb4.27.4&Prime; _module_preset=\u00a0\u00bbdefault\u00a0\u00bb header_level=\u00a0\u00bbh3&Prime; custom_margin_tablet=\u00a0\u00bb||4px||false|false\u00a0\u00bb custom_margin_phone=\u00a0\u00bb||4px||false|false\u00a0\u00bb custom_margin_last_edited=\u00a0\u00bbon|tablet\u00a0\u00bb animation=\u00a0\u00bboff\u00a0\u00bb global_colors_info=\u00a0\u00bb{}\u00a0\u00bb]<\/p>\n<p>\u00c9v\u00e9nements professionnels &#8211; organis\u00e9s avec professionnalisme, ex\u00e9cut\u00e9s avec fiabilit\u00e9.<\/p>\n<p>[\/et_pb_blurb][et_pb_button button_url=\u00a0\u00bbhttps:\/\/luginbuehls.com\/fr\/fetes-dentreprise\/\u00a0\u00bb button_text=\u00a0\u00bbEn savoir plus\u00a0\u00bb _builder_version=\u00a0\u00bb4.27.4&Prime; _module_preset=\u00a0\u00bb5919bc3f-4cfd-445a-8eaf-df25c5f3e2e0&Prime; button_border_width=\u00a0\u00bb0px\u00a0\u00bb button_icon=\u00a0\u00bb&#x35;||divi||400&Prime; button_on_hover=\u00a0\u00bboff\u00a0\u00bb custom_margin=\u00a0\u00bb||||false|false\u00a0\u00bb custom_padding=\u00a0\u00bb0px|0px|0px|0px|true|true\u00a0\u00bb global_module=\u00a0\u00bb117&Prime; saved_tabs=\u00a0\u00bball\u00a0\u00bb global_colors_info=\u00a0\u00bb{%22gcid-3f98729a-f325-4262-9065-9ac1c05e54f8%22:%91%22button_text_color%22,%22button_border_color%22%93}\u00a0\u00bb][\/et_pb_button][\/et_pb_column][\/et_pb_row][\/et_pb_section][et_pb_section fb_built=\u00a0\u00bb1&Prime; admin_label=\u00a0\u00bbAbout\u00a0\u00bb _builder_version=\u00a0\u00bb4.27.4&Prime; _module_preset=\u00a0\u00bbdefault\u00a0\u00bb background_color=\u00a0\u00bbrgba(255,255,255,0.8)\u00a0\u00bb background_image=\u00a0\u00bbhttps:\/\/luginbuehls.com\/wp-content\/uploads\/2025\/09\/eatery-14.jpg\u00a0\u00bb background_blend=\u00a0\u00bboverlay\u00a0\u00bb custom_padding=\u00a0\u00bb4vw||4vw||true|false\u00a0\u00bb locked=\u00a0\u00bboff\u00a0\u00bb collapsed=\u00a0\u00bbon\u00a0\u00bb global_colors_info=\u00a0\u00bb{}\u00a0\u00bb][et_pb_row column_structure=\u00a0\u00bb1_2,1_2&Prime; _builder_version=\u00a0\u00bb4.27.4&Prime; _module_preset=\u00a0\u00bbdefault\u00a0\u00bb global_colors_info=\u00a0\u00bb{}\u00a0\u00bb][et_pb_column type=\u00a0\u00bb1_2&Prime; _builder_version=\u00a0\u00bb4.25.1&Prime; _module_preset=\u00a0\u00bbdefault\u00a0\u00bb global_colors_info=\u00a0\u00bb{}\u00a0\u00bb][et_pb_image src=\u00a0\u00bbhttps:\/\/luginbuehls.com\/wp-content\/uploads\/2025\/09\/luginbuhls-logo_d119039397ea075315f687e1268126fd.png\u00a0\u00bb title_text=\u00a0\u00bbluginbuhls-logo_d119039397ea075315f687e1268126fd\u00a0\u00bb show_bottom_space=\u00a0\u00bboff\u00a0\u00bb _builder_version=\u00a0\u00bb4.27.4&Prime; _module_preset=\u00a0\u00bbdefault\u00a0\u00bb max_width=\u00a0\u00bb150px\u00a0\u00bb custom_margin=\u00a0\u00bb||16px||false|false\u00a0\u00bb global_colors_info=\u00a0\u00bb{}\u00a0\u00bb][\/et_pb_image][et_pb_heading title=\u00a0\u00bbVos h\u00f4tes de c\u0153ur\u00a0\u00bb _builder_version=\u00a0\u00bb4.27.4&Prime; _module_preset=\u00a0\u00bbcc50d436-483e-47bc-86a9-95cd6ed25c5a\u00a0\u00bb title_font=\u00a0\u00bb&#8211;et_global_heading_font|&#8211;et_global_heading_font_weight|||||||\u00a0\u00bb custom_margin=\u00a0\u00bb||10px||false|false\u00a0\u00bb global_colors_info=\u00a0\u00bb{}\u00a0\u00bb][\/et_pb_heading][et_pb_text _builder_version=\u00a0\u00bb4.27.4&Prime; _module_preset=\u00a0\u00bbdefault\u00a0\u00bb custom_margin=\u00a0\u00bb||||false|false\u00a0\u00bb custom_margin_tablet=\u00a0\u00bb||||false|false\u00a0\u00bb custom_margin_last_edited=\u00a0\u00bboff|tablet\u00a0\u00bb custom_padding=\u00a0\u00bb||||false|false\u00a0\u00bb custom_padding_last_edited=\u00a0\u00bboff|tablet\u00a0\u00bb global_colors_info=\u00a0\u00bb{}\u00a0\u00bb]<\/p>\n<p>Nous sommes une petite \u00e9quipe engag\u00e9e de Biel\/Bienne et nous vous accompagnons \u00e0 chaque occasion avec des conseils personnalis\u00e9s et une cuisine cr\u00e9ative.<\/p>\n<p>Du choix du menu au service sur place, nous veillons \u00e0 ce que vous puissiez profiter en toute s\u00e9r\u00e9nit\u00e9. Nous mettons l&rsquo;accent sur des ingr\u00e9dients r\u00e9gionaux et une atmosph\u00e8re chaleureuse qui rendra votre \u00e9v\u00e9nement sp\u00e9cial.<\/p>\n<p>[\/et_pb_text][et_pb_button _builder_version=\u00a0\u00bb4.27.4&Prime; _module_preset=\u00a0\u00bb5919bc3f-4cfd-445a-8eaf-df25c5f3e2e0&Prime; custom_margin=\u00a0\u00bb30px||||false|false\u00a0\u00bb hover_enabled=\u00a0\u00bb0&Prime; global_module=\u00a0\u00bb75&Prime; saved_tabs=\u00a0\u00bball\u00a0\u00bb global_colors_info=\u00a0\u00bb{}\u00a0\u00bb sticky_enabled=\u00a0\u00bb0&Prime; button_url=\u00a0\u00bbhttps:\/\/luginbuehls.com\/fr\/a-propos-de-nous\/\u00a0\u00bb button_text=\u00a0\u00bben savoir plus\u00a0\u00bb][\/et_pb_button][\/et_pb_column][et_pb_column type=\u00a0\u00bb1_2&Prime; _builder_version=\u00a0\u00bb4.27.4&Prime; _module_preset=\u00a0\u00bbdefault\u00a0\u00bb custom_padding_tablet=\u00a0\u00bb30px|30px|30px|30px|true|true\u00a0\u00bb custom_padding_phone=\u00a0\u00bb20px|20px|20px|20px|true|true\u00a0\u00bb custom_padding_last_edited=\u00a0\u00bboff|desktop\u00a0\u00bb border_color_all=\u00a0\u00bb#252525&Prime; global_colors_info=\u00a0\u00bb{%22gcid-2f5b30e8-0b99-49ac-8bde-95b2f7f6fb2c%22:%91%22border_color_all%22%93}\u00a0\u00bb][et_pb_image src=\u00a0\u00bbhttps:\/\/luginbuehls.com\/wp-content\/uploads\/2025\/09\/Reto-Luginbuehl-square.webp\u00a0\u00bb title_text=\u00a0\u00bbReto Luginbuehl square\u00a0\u00bb align=\u00a0\u00bbcenter\u00a0\u00bb force_fullwidth=\u00a0\u00bbon\u00a0\u00bb _builder_version=\u00a0\u00bb4.27.4&Prime; _module_preset=\u00a0\u00bbdefault\u00a0\u00bb global_colors_info=\u00a0\u00bb{}\u00a0\u00bb][\/et_pb_image][\/et_pb_column][\/et_pb_row][\/et_pb_section]<\/p>\n","protected":false},"excerpt":{"rendered":"<p>QU&rsquo;IL S&rsquo;AGISSE D&rsquo;UN \u00c9V\u00c9NEMENT D&rsquo;ENTREPRISE OU D&rsquo;UNE F\u00caTE PRIV\u00c9E, NOTRE \u00c9QUIPE D\u00c9VOU\u00c9E PLANIFIE, COORDONNE ET CHOIE VOS INVIT\u00c9S.Laissez-vous s\u00e9duire par nos impressions ou demandez directement un devis sans engagement pour votre \u00e9v\u00e9nement chez nous. Ce qui distingue Luginb\u00fchl&rsquo;s Event &amp; Catering, c&rsquo;est l&rsquo;attention individuelle que nous pouvons garantir \u00e0 chaque invit\u00e9. Que vous ayez d\u00e9j\u00e0 [&hellip;]<\/p>\n","protected":false},"author":1,"featured_media":0,"parent":0,"menu_order":0,"comment_status":"closed","ping_status":"closed","template":"","meta":{"_et_pb_use_builder":"on","_et_pb_old_content":"","_et_gb_content_width":"","footnotes":""},"class_list":["post-424","page","type-page","status-publish","hentry"],"_links":{"self":[{"href":"https:\/\/luginbuehls.com\/fr\/wp-json\/wp\/v2\/pages\/424","targetHints":{"allow":["GET"]}}],"collection":[{"href":"https:\/\/luginbuehls.com\/fr\/wp-json\/wp\/v2\/pages"}],"about":[{"href":"https:\/\/luginbuehls.com\/fr\/wp-json\/wp\/v2\/types\/page"}],"author":[{"embeddable":true,"href":"https:\/\/luginbuehls.com\/fr\/wp-json\/wp\/v2\/users\/1"}],"replies":[{"embeddable":true,"href":"https:\/\/luginbuehls.com\/fr\/wp-json\/wp\/v2\/comments?post=424"}],"version-history":[{"count":15,"href":"https:\/\/luginbuehls.com\/fr\/wp-json\/wp\/v2\/pages\/424\/revisions"}],"predecessor-version":[{"id":483,"href":"https:\/\/luginbuehls.com\/fr\/wp-json\/wp\/v2\/pages\/424\/revisions\/483"}],"wp:attachment":[{"href":"https:\/\/luginbuehls.com\/fr\/wp-json\/wp\/v2\/media?parent=424"}],"curies":[{"name":"wp","href":"https:\/\/api.w.org\/{rel}","templated":true}]}}